{"id":105,"date":"2018-06-22T17:16:37","date_gmt":"2018-06-22T17:16:37","guid":{"rendered":"http:\/\/servitic.pe\/es\/?page_id=105"},"modified":"2020-01-02T15:05:48","modified_gmt":"2020-01-02T15:05:48","slug":"servicios-gestionados-de-infraestructura-ti","status":"publish","type":"page","link":"https:\/\/servitic.pe\/es\/servicios-gestionados-de-infraestructura-ti\/","title":{"rendered":"Servicios Gestionados de infraestructura TI."},"content":{"rendered":"<p>Somos una compa\u00f1\u00eda que busca optimizar los procesos de negocio de sus clientes. En tal sentido nuestra visi\u00f3n de c\u00f3mo debe operar su \u00e1rea de TI de cara a los procesos de transformaci\u00f3n digital y\/o negocios Digitales es en base a 3 pilares:<\/p>\n<p>&nbsp;<\/p>\n<p><strong>Nube. &#8211;<\/strong> \u00a0Somos una compa\u00f1\u00eda que busca en la mayor medida que todos los sistemas de operaci\u00f3n de su infraestructura tecnolog\u00eda sean gestionados desde la Nube. Para eso contamos como soluciones LAN\/WLAN y Seguridad que son 100% gestionadas en la Nube. Esto permite a las organizaciones que quieren modernizar sus procesos y ser mas eficientes con menor gasto operativo<\/p>\n<p><strong>TCO. &#8211;<\/strong> \u00a0entendemos que muchas organizaciones no est\u00e1n dispuestas a utilizar su CapEx para equipamiento tecnol\u00f3gico. Sin embargo, entienden la importancia de la tecnolog\u00eda para su negocio. En ese sentido utilizamos los conceptos de OpeX en la implantaci\u00f3n de su sistemas y tambi\u00e9n aplicamos los t\u00e9rminos de Hardware as a Service para a\u00fan m\u00e1s profundizar el esquema operativo de las organizaciones, adecu\u00e1ndonos a sus procesos de negocio.<\/p>\n<p><strong>Expertos. &#8211;<\/strong> Contamos con el mejor talento en cada una de las herramientas que proponemos a nuestros clientes. En tal sentido buscamos engranar con el m\u00e1ximo valor ocupando espacios donde las organizaciones buscan el mejor talento, proponiendo no solo eso sino la continuidad de mantener a los profesionales con ampl\u00edsima experiencia cubriendo y soportando la operatividad de su negocio.<\/p>\n<p>&nbsp;<\/p>\n<p><img loading=\"lazy\" class=\"aligncenter size-full wp-image-402\" src=\"http:\/\/servitic.pe\/es\/wp-content\/uploads\/2020\/01\/Service-Image.jpg\" alt=\"\" width=\"300\" height=\"168\" \/><\/p>\n","protected":false},"excerpt":{"rendered":"<p>Somos una compa\u00f1\u00eda que busca optimizar los procesos de negocio de sus clientes. En tal sentido nuestra visi\u00f3n de c\u00f3mo debe operar su \u00e1rea de TI de cara a los procesos de transformaci\u00f3n digital y\/o negocios Digitales es en base a 3 pilares: &nbsp; Nube. &#8211; \u00a0Somos una compa\u00f1\u00eda que busca en la mayor medida<\/p>\n<p><a href=\"https:\/\/servitic.pe\/es\/servicios-gestionados-de-infraestructura-ti\/\" class=\"more-link\">Leer m\u00e1s<\/a><\/p>\n","protected":false},"author":1,"featured_media":0,"parent":0,"menu_order":0,"comment_status":"closed","ping_status":"closed","template":"","meta":[],"_links":{"self":[{"href":"https:\/\/servitic.pe\/es\/wp-json\/wp\/v2\/pages\/105"}],"collection":[{"href":"https:\/\/servitic.pe\/es\/wp-json\/wp\/v2\/pages"}],"about":[{"href":"https:\/\/servitic.pe\/es\/wp-json\/wp\/v2\/types\/page"}],"author":[{"embeddable":true,"href":"https:\/\/servitic.pe\/es\/wp-json\/wp\/v2\/users\/1"}],"replies":[{"embeddable":true,"href":"https:\/\/servitic.pe\/es\/wp-json\/wp\/v2\/comments?post=105"}],"version-history":[{"count":3,"href":"https:\/\/servitic.pe\/es\/wp-json\/wp\/v2\/pages\/105\/revisions"}],"predecessor-version":[{"id":403,"href":"https:\/\/servitic.pe\/es\/wp-json\/wp\/v2\/pages\/105\/revisions\/403"}],"wp:attachment":[{"href":"https:\/\/servitic.pe\/es\/wp-json\/wp\/v2\/media?parent=105"}],"curies":[{"name":"wp","href":"https:\/\/api.w.org\/{rel}","templated":true}]}}