{"id":143,"date":"2018-07-17T19:10:23","date_gmt":"2018-07-17T19:10:23","guid":{"rendered":"http:\/\/servitic.pe\/es\/?page_id=143"},"modified":"2025-09-22T17:32:59","modified_gmt":"2025-09-22T17:32:59","slug":"td","status":"publish","type":"page","link":"https:\/\/servitic.pe\/es\/td\/","title":{"rendered":"Soluciones IA a medida"},"content":{"rendered":"\n<blockquote class=\"wp-block-quote has-text-align-left\"><p><strong>La&nbsp;automatizaci\u00f3n de procesos empresariales&nbsp;es la clave para mantener la competitividad en el mercado actual. En ServiTIC, implementamos soluciones de&nbsp;automatizaci\u00f3n&nbsp;que transforman radicalmente la eficiencia operativa de las empresas.<\/strong><\/p><\/blockquote>\n\n\n\n<div class=\"wp-container-2 wp-block-group\"><div class=\"wp-block-group__inner-container\">\n<div class=\"wp-container-1 wp-block-group\"><div class=\"wp-block-group__inner-container\">\n<div class=\"wp-block-columns are-vertically-aligned-center\">\n<div class=\"wp-block-column is-vertically-aligned-center\" style=\"flex-basis:100%\">\n<div class=\"wp-block-columns\">\n<div class=\"wp-block-column is-vertically-aligned-center\" style=\"flex-basis:100%\">\n<figure class=\"wp-block-table is-style-regular has-medium-font-size\" style=\"text-transform:capitalize\"><table><tbody><tr><td class=\"has-text-align-center\" data-align=\"center\"><img loading=\"lazy\" srcset=\"https:\/\/assets.zyrosite.com\/AQExxo9jyjF8pK5M\/chatbot-d951k49Egviw6ao8.gif 328w,https:\/\/assets.zyrosite.com\/AQExxo9jyjF8pK5M\/chatbot-d951k49Egviw6ao8.gif 656w,https:\/\/assets.zyrosite.com\/AQExxo9jyjF8pK5M\/chatbot-d951k49Egviw6ao8.gif 861w,https:\/\/assets.zyrosite.com\/AQExxo9jyjF8pK5M\/chatbot-d951k49Egviw6ao8.gif 984w,https:\/\/assets.zyrosite.com\/AQExxo9jyjF8pK5M\/chatbot-d951k49Egviw6ao8.gif 111w,https:\/\/assets.zyrosite.com\/AQExxo9jyjF8pK5M\/chatbot-d951k49Egviw6ao8.gif 222w\" height=\"112\" width=\"111\" src=\"https:\/\/assets.zyrosite.com\/AQExxo9jyjF8pK5M\/chatbot-d951k49Egviw6ao8.gif\" alt=\"\"><\/td><td class=\"has-text-align-center\" data-align=\"center\">                 <br><img loading=\"lazy\" srcset=\"https:\/\/assets.zyrosite.com\/AQExxo9jyjF8pK5M\/valor-m2W8RE3Ne9co459w.gif 328w,https:\/\/assets.zyrosite.com\/AQExxo9jyjF8pK5M\/valor-m2W8RE3Ne9co459w.gif 656w,https:\/\/assets.zyrosite.com\/AQExxo9jyjF8pK5M\/valor-m2W8RE3Ne9co459w.gif 861w,https:\/\/assets.zyrosite.com\/AQExxo9jyjF8pK5M\/valor-m2W8RE3Ne9co459w.gif 984w,https:\/\/assets.zyrosite.com\/AQExxo9jyjF8pK5M\/valor-m2W8RE3Ne9co459w.gif 111w,https:\/\/assets.zyrosite.com\/AQExxo9jyjF8pK5M\/valor-m2W8RE3Ne9co459w.gif 222w\" height=\"112\" width=\"111\" src=\"https:\/\/assets.zyrosite.com\/AQExxo9jyjF8pK5M\/valor-m2W8RE3Ne9co459w.gif\" alt=\"\"><br><\/td><td class=\"has-text-align-center\" data-align=\"center\">                <img loading=\"lazy\" srcset=\"https:\/\/assets.zyrosite.com\/AQExxo9jyjF8pK5M\/consultoria-de-gestion-Yan15JPaXVHN7Rxz.gif 328w,https:\/\/assets.zyrosite.com\/AQExxo9jyjF8pK5M\/consultoria-de-gestion-Yan15JPaXVHN7Rxz.gif 656w,https:\/\/assets.zyrosite.com\/AQExxo9jyjF8pK5M\/consultoria-de-gestion-Yan15JPaXVHN7Rxz.gif 861w,https:\/\/assets.zyrosite.com\/AQExxo9jyjF8pK5M\/consultoria-de-gestion-Yan15JPaXVHN7Rxz.gif 984w,https:\/\/assets.zyrosite.com\/AQExxo9jyjF8pK5M\/consultoria-de-gestion-Yan15JPaXVHN7Rxz.gif 111w,https:\/\/assets.zyrosite.com\/AQExxo9jyjF8pK5M\/consultoria-de-gestion-Yan15JPaXVHN7Rxz.gif 222w\" height=\"112\" width=\"111\" src=\"https:\/\/assets.zyrosite.com\/AQExxo9jyjF8pK5M\/consultoria-de-gestion-Yan15JPaXVHN7Rxz.gif\" alt=\"\"><br><\/td><td class=\"has-text-align-center\" data-align=\"center\">              <img loading=\"lazy\" srcset=\"https:\/\/assets.zyrosite.com\/AQExxo9jyjF8pK5M\/marketing-de-contenidos-mnlWQJL8NxfrbXJw.gif 328w,https:\/\/assets.zyrosite.com\/AQExxo9jyjF8pK5M\/marketing-de-contenidos-mnlWQJL8NxfrbXJw.gif 656w,https:\/\/assets.zyrosite.com\/AQExxo9jyjF8pK5M\/marketing-de-contenidos-mnlWQJL8NxfrbXJw.gif 861w,https:\/\/assets.zyrosite.com\/AQExxo9jyjF8pK5M\/marketing-de-contenidos-mnlWQJL8NxfrbXJw.gif 984w,https:\/\/assets.zyrosite.com\/AQExxo9jyjF8pK5M\/marketing-de-contenidos-mnlWQJL8NxfrbXJw.gif 111w,https:\/\/assets.zyrosite.com\/AQExxo9jyjF8pK5M\/marketing-de-contenidos-mnlWQJL8NxfrbXJw.gif 222w\" height=\"112\" width=\"111\" src=\"https:\/\/assets.zyrosite.com\/AQExxo9jyjF8pK5M\/marketing-de-contenidos-mnlWQJL8NxfrbXJw.gif\" alt=\"\"> <\/td><\/tr><tr><td class=\"has-text-align-center\" data-align=\"center\"><mark style=\"background-color:rgba(0, 0, 0, 0)\" class=\"has-inline-color has-black-color\"><strong>Agentes Inteligentes y Asistentes IA<\/strong><\/mark><br><br><br>Atenci\u00f3n al cliente 24\/7<br><br>Implementamos agentes conversacionales personalizados para atenci\u00f3n al cliente, soporte t\u00e9cnico o generaci\u00f3n de leads en WhatsApp, web y m\u00e1s.<br><\/td><td class=\"has-text-align-center\" data-align=\"center\"><strong><mark style=\"background-color:rgba(0, 0, 0, 0)\" class=\"has-inline-color has-black-color\">Automatizaci\u00f3n a medida con Flujos<\/mark><\/strong><br><br>Lib\u00e9rate de tareas repetitivas<br><br>Conectamos tus herramientas (CRM, ERP, formularios, emails, etc.) mediante flujos automatizados que eliminan tareas manuales y mejoran la eficiencia operativa<\/td><td class=\"has-text-align-center\" data-align=\"center\"><strong><mark style=\"background-color:rgba(0, 0, 0, 0)\" class=\"has-inline-color has-black-color\">Consultor\u00eda Estrat\u00e9gica IA<\/mark><\/strong><br><br>Atenci\u00f3n al cliente 24\/7.<br><br>Analizamos tus procesos y dise\u00f1amos una hoja de ruta personalizada para digitalizar tu negocio con inteligencia artificial y automatizaci\u00f3n pr\u00e1ctica.<\/td><td class=\"has-text-align-center\" data-align=\"center\"><strong>Marketing Digital y gesti\u00f3n de RRSS<\/strong><br><br>Atenci\u00f3n al cliente 24\/7.<br><br><br>Implementamos agentes conversacionales personalizados para atenci\u00f3n al cliente, soporte t\u00e9cnico o generaci\u00f3n de leads en WhatsApp, web y m\u00e1s.<\/td><\/tr><\/tbody><\/table><\/figure>\n<\/div>\n<\/div>\n<\/div>\n<\/div>\n<\/div><\/div>\n<\/div><\/div>\n","protected":false},"excerpt":{"rendered":"<p>La&nbsp;automatizaci\u00f3n de procesos empresariales&nbsp;es la clave para mantener la competitividad en el mercado actual. En ServiTIC, implementamos soluciones de&nbsp;automatizaci\u00f3n&nbsp;que transforman radicalmente la eficiencia operativa de las empresas. Agentes Inteligentes y Asistentes IA Atenci\u00f3n al cliente 24\/7 Implementamos agentes conversacionales personalizados para atenci\u00f3n al cliente, soporte t\u00e9cnico o generaci\u00f3n de leads en WhatsApp, web y m\u00e1s.<\/p>\n<p><a href=\"https:\/\/servitic.pe\/es\/td\/\" class=\"more-link\">Leer m\u00e1s<\/a><\/p>\n","protected":false},"author":1,"featured_media":0,"parent":0,"menu_order":0,"comment_status":"closed","ping_status":"closed","template":"","meta":[],"_links":{"self":[{"href":"https:\/\/servitic.pe\/es\/wp-json\/wp\/v2\/pages\/143"}],"collection":[{"href":"https:\/\/servitic.pe\/es\/wp-json\/wp\/v2\/pages"}],"about":[{"href":"https:\/\/servitic.pe\/es\/wp-json\/wp\/v2\/types\/page"}],"author":[{"embeddable":true,"href":"https:\/\/servitic.pe\/es\/wp-json\/wp\/v2\/users\/1"}],"replies":[{"embeddable":true,"href":"https:\/\/servitic.pe\/es\/wp-json\/wp\/v2\/comments?post=143"}],"version-history":[{"count":40,"href":"https:\/\/servitic.pe\/es\/wp-json\/wp\/v2\/pages\/143\/revisions"}],"predecessor-version":[{"id":644,"href":"https:\/\/servitic.pe\/es\/wp-json\/wp\/v2\/pages\/143\/revisions\/644"}],"wp:attachment":[{"href":"https:\/\/servitic.pe\/es\/wp-json\/wp\/v2\/media?parent=143"}],"curies":[{"name":"wp","href":"https:\/\/api.w.org\/{rel}","templated":true}]}}