{"id":15,"date":"2018-06-18T21:33:36","date_gmt":"2018-06-18T21:33:36","guid":{"rendered":"http:\/\/servitic.pe\/es\/?page_id=15"},"modified":"2019-07-02T19:32:05","modified_gmt":"2019-07-02T19:32:05","slug":"servicios","status":"publish","type":"page","link":"https:\/\/servitic.pe\/es\/servicios\/","title":{"rendered":"Servicios"},"content":{"rendered":"<table>\n<tbody>\n<tr>\n<td width=\"522\">&nbsp;<\/p>\n<p>Las infraestructuras TI son la base de todos los sistemas que van a soportar y estructurar el trabajo y funcionamiento de sus comunicaciones y actividades. No obstante, la tecnolog\u00eda y los nuevos sistemas de trabajo evolucionan, exigiendo la implantaci\u00f3n de nuevas aplicaciones y\/o servicios no previstos en el dise\u00f1o de la infraestructura original.<\/p>\n<p>Actualmente las redes tienen a configurarse como sistemas flexibles, ganando inteligencia y capacidad de adaptaci\u00f3n, minimizando los costos de renovaci\u00f3n de infraestructura, apoy\u00e1ndose en menos plataformas y reduciendo la gesti\u00f3n del tr\u00e1fico y de mantenimiento con procesos automatizados y f\u00e1ciles de administrar.<\/p>\n<p>Nuestro objetivo como organizaci\u00f3n es poder brindarle todo el conocimiento que conlleva implantar toda la infraestructura de acorde a sus necesidades y visi\u00f3n de crecimiento.<\/p>\n<p>&nbsp;<\/p>\n<p>&nbsp;<\/p>\n<p>&nbsp;<\/td>\n<td width=\"342\"><img loading=\"lazy\" class=\"aligncenter size-full wp-image-305\" src=\"http:\/\/servitic.pe\/es\/wp-content\/uploads\/2019\/07\/centro-de-datos-empresa.jpg\" alt=\"\" width=\"870\" height=\"400\" srcset=\"https:\/\/servitic.pe\/es\/wp-content\/uploads\/2019\/07\/centro-de-datos-empresa.jpg 870w, https:\/\/servitic.pe\/es\/wp-content\/uploads\/2019\/07\/centro-de-datos-empresa-300x138.jpg 300w, https:\/\/servitic.pe\/es\/wp-content\/uploads\/2019\/07\/centro-de-datos-empresa-768x353.jpg 768w\" sizes=\"(max-width: 870px) 100vw, 870px\" \/><\/p>\n<p>&nbsp;<\/p>\n<p>&nbsp;<\/p>\n<p>&nbsp;<\/td>\n<\/tr>\n<\/tbody>\n<\/table>\n","protected":false},"excerpt":{"rendered":"<p>&nbsp; Las infraestructuras TI son la base de todos los sistemas que van a soportar y estructurar el trabajo y funcionamiento de sus comunicaciones y actividades. No obstante, la tecnolog\u00eda y los nuevos sistemas de trabajo evolucionan, exigiendo la implantaci\u00f3n de nuevas aplicaciones y\/o servicios no previstos en el dise\u00f1o de la infraestructura original. Actualmente<\/p>\n<p><a href=\"https:\/\/servitic.pe\/es\/servicios\/\" class=\"more-link\">Leer m\u00e1s<\/a><\/p>\n","protected":false},"author":1,"featured_media":0,"parent":0,"menu_order":0,"comment_status":"closed","ping_status":"closed","template":"","meta":[],"_links":{"self":[{"href":"https:\/\/servitic.pe\/es\/wp-json\/wp\/v2\/pages\/15"}],"collection":[{"href":"https:\/\/servitic.pe\/es\/wp-json\/wp\/v2\/pages"}],"about":[{"href":"https:\/\/servitic.pe\/es\/wp-json\/wp\/v2\/types\/page"}],"author":[{"embeddable":true,"href":"https:\/\/servitic.pe\/es\/wp-json\/wp\/v2\/users\/1"}],"replies":[{"embeddable":true,"href":"https:\/\/servitic.pe\/es\/wp-json\/wp\/v2\/comments?post=15"}],"version-history":[{"count":3,"href":"https:\/\/servitic.pe\/es\/wp-json\/wp\/v2\/pages\/15\/revisions"}],"predecessor-version":[{"id":307,"href":"https:\/\/servitic.pe\/es\/wp-json\/wp\/v2\/pages\/15\/revisions\/307"}],"wp:attachment":[{"href":"https:\/\/servitic.pe\/es\/wp-json\/wp\/v2\/media?parent=15"}],"curies":[{"name":"wp","href":"https:\/\/api.w.org\/{rel}","templated":true}]}}