{"id":30,"date":"2018-06-20T21:20:23","date_gmt":"2018-06-20T21:20:23","guid":{"rendered":"http:\/\/servitic.pe\/es\/?page_id=30"},"modified":"2022-04-05T03:40:25","modified_gmt":"2022-04-05T03:40:25","slug":"%e2%80%a2diseno-e-implementacion-y-soporte-de-redes-lan-swicthing-wireless-lan-comunicaciones-unificadas","status":"publish","type":"page","link":"https:\/\/servitic.pe\/es\/%e2%80%a2diseno-e-implementacion-y-soporte-de-redes-lan-swicthing-wireless-lan-comunicaciones-unificadas\/","title":{"rendered":"LAN \/ Wireless LAN."},"content":{"rendered":"<h3 class=\"cmp-5050__title\">Bienvenido a su futuro con la nube como prioridad.<\/h3>\n<div class=\"cmp-5050__body mt-2\">\n<p>Satisface las demandas en constante cambio de IT con las plataformas de red en la nube que se adaptan con facilidad\u00a0a su visi\u00f3n mediante API, informaci\u00f3n y aplicaciones s\u00f3lidas.<\/p>\n<ul>\n<li>\n<h6>Simplifica la implementaci\u00f3n y la administraci\u00f3n.<\/h6>\n<\/li>\n<li>\n<h6>Protege los activos f\u00edsicos y digitales.<\/h6>\n<\/li>\n<li>\n<h6>Crea espacios de trabajo m\u00e1s inteligentes y fuerza laboral capacitada.<\/h6>\n<\/li>\n<\/ul>\n<p><img loading=\"lazy\" class=\"aligncenter size-full wp-image-511\" src=\"https:\/\/servitic.pe\/es\/wp-content\/uploads\/2022\/04\/merakip1.gif\" alt=\"\" width=\"808\" height=\"597\" \/><\/p>\n<\/div>\n","protected":false},"excerpt":{"rendered":"<p>Bienvenido a su futuro con la nube como prioridad. Satisface las demandas en constante cambio de IT con las plataformas de red en la nube que se adaptan con facilidad\u00a0a su visi\u00f3n mediante API, informaci\u00f3n y aplicaciones s\u00f3lidas. Simplifica la implementaci\u00f3n y la administraci\u00f3n. Protege los activos f\u00edsicos y digitales. Crea espacios de trabajo m\u00e1s<\/p>\n<p><a href=\"https:\/\/servitic.pe\/es\/%e2%80%a2diseno-e-implementacion-y-soporte-de-redes-lan-swicthing-wireless-lan-comunicaciones-unificadas\/\" class=\"more-link\">Leer m\u00e1s<\/a><\/p>\n","protected":false},"author":1,"featured_media":0,"parent":0,"menu_order":0,"comment_status":"closed","ping_status":"closed","template":"","meta":[],"_links":{"self":[{"href":"https:\/\/servitic.pe\/es\/wp-json\/wp\/v2\/pages\/30"}],"collection":[{"href":"https:\/\/servitic.pe\/es\/wp-json\/wp\/v2\/pages"}],"about":[{"href":"https:\/\/servitic.pe\/es\/wp-json\/wp\/v2\/types\/page"}],"author":[{"embeddable":true,"href":"https:\/\/servitic.pe\/es\/wp-json\/wp\/v2\/users\/1"}],"replies":[{"embeddable":true,"href":"https:\/\/servitic.pe\/es\/wp-json\/wp\/v2\/comments?post=30"}],"version-history":[{"count":5,"href":"https:\/\/servitic.pe\/es\/wp-json\/wp\/v2\/pages\/30\/revisions"}],"predecessor-version":[{"id":512,"href":"https:\/\/servitic.pe\/es\/wp-json\/wp\/v2\/pages\/30\/revisions\/512"}],"wp:attachment":[{"href":"https:\/\/servitic.pe\/es\/wp-json\/wp\/v2\/media?parent=30"}],"curies":[{"name":"wp","href":"https:\/\/api.w.org\/{rel}","templated":true}]}}