{"id":348,"date":"2019-12-21T21:48:21","date_gmt":"2019-12-21T21:48:21","guid":{"rendered":"http:\/\/servitic.pe\/es\/?page_id=348"},"modified":"2020-01-03T01:34:25","modified_gmt":"2020-01-03T01:34:25","slug":"email-security","status":"publish","type":"page","link":"https:\/\/servitic.pe\/es\/email-security\/","title":{"rendered":"Email Security"},"content":{"rendered":"<p style=\"text-align: left;\">Los atacantes dependen principalmente tambi\u00e9n del correo electr\u00f3nico para distribuir spam, malware y otras amenazas. Para evitar riesgos, necesita una potente soluci\u00f3n de seguridad de correo electr\u00f3nico.<\/p>\n<p>&nbsp;<\/p>\n<p><strong>Cisco Email Security<\/strong> es su defensa contra el phishing, el compromiso del correo electr\u00f3nico comercial y el ransomware. Obtenga actualizaciones sobre la inteligencia de las amenazas cada tres o cinco minutos a trav\u00e9s de Cisco Talos para obtener la protecci\u00f3n m\u00e1s actualizada.<\/p>\n<p>&nbsp;<\/p>\n<p><strong>Cisco Advanced Malware Protection (AMP)<\/strong> protege contra malware sigiloso en archivos adjuntos, y la inteligencia de URL l\u00edder en la industria combate los enlaces maliciosos. <strong>Cisco Email Security<\/strong> tambi\u00e9n mejora la seguridad del correo electr\u00f3nico de Office 365.<\/p>\n<p>&nbsp;<\/p>\n<p>Proteger el correo electr\u00f3nico saliente tambi\u00e9n es importante. <strong>Cisco Email Security<\/strong> tiene capacidades s\u00f3lidas de prevenci\u00f3n de p\u00e9rdida de datos y cifrado de contenido para salvaguardar la informaci\u00f3n confidencial. Esto le ayuda a cumplir con las regulaciones gubernamentales y de la industria.<\/p>\n","protected":false},"excerpt":{"rendered":"<p>Los atacantes dependen principalmente tambi\u00e9n del correo electr\u00f3nico para distribuir spam, malware y otras amenazas. Para evitar riesgos, necesita una potente soluci\u00f3n de seguridad de correo electr\u00f3nico. &nbsp; Cisco Email Security es su defensa contra el phishing, el compromiso del correo electr\u00f3nico comercial y el ransomware. Obtenga actualizaciones sobre la inteligencia de las amenazas cada<\/p>\n<p><a href=\"https:\/\/servitic.pe\/es\/email-security\/\" class=\"more-link\">Leer m\u00e1s<\/a><\/p>\n","protected":false},"author":1,"featured_media":0,"parent":0,"menu_order":0,"comment_status":"closed","ping_status":"closed","template":"","meta":[],"_links":{"self":[{"href":"https:\/\/servitic.pe\/es\/wp-json\/wp\/v2\/pages\/348"}],"collection":[{"href":"https:\/\/servitic.pe\/es\/wp-json\/wp\/v2\/pages"}],"about":[{"href":"https:\/\/servitic.pe\/es\/wp-json\/wp\/v2\/types\/page"}],"author":[{"embeddable":true,"href":"https:\/\/servitic.pe\/es\/wp-json\/wp\/v2\/users\/1"}],"replies":[{"embeddable":true,"href":"https:\/\/servitic.pe\/es\/wp-json\/wp\/v2\/comments?post=348"}],"version-history":[{"count":2,"href":"https:\/\/servitic.pe\/es\/wp-json\/wp\/v2\/pages\/348\/revisions"}],"predecessor-version":[{"id":407,"href":"https:\/\/servitic.pe\/es\/wp-json\/wp\/v2\/pages\/348\/revisions\/407"}],"wp:attachment":[{"href":"https:\/\/servitic.pe\/es\/wp-json\/wp\/v2\/media?parent=348"}],"curies":[{"name":"wp","href":"https:\/\/api.w.org\/{rel}","templated":true}]}}