{"id":358,"date":"2019-12-21T21:53:09","date_gmt":"2019-12-21T21:53:09","guid":{"rendered":"http:\/\/servitic.pe\/es\/?page_id=358"},"modified":"2019-12-31T00:58:04","modified_gmt":"2019-12-31T00:58:04","slug":"advanced-malware-protection-amp","status":"publish","type":"page","link":"https:\/\/servitic.pe\/es\/advanced-malware-protection-amp\/","title":{"rendered":"Advanced Malware Protection (AMP)"},"content":{"rendered":"<p>Obtenga inteligencia global sobre amenazas, sandboxing avanzado y bloqueo de malware en tiempo real para evitar infracciones todo esto con Cisco Advanced Malware Protection (AMP).<\/p>\n<p>Sin embargo, debido a que no puede confiar solo en la prevenci\u00f3n, AMP tambi\u00e9n analiza continuamente la actividad de los archivos en su red extendida, para que pueda detectar, contener y eliminar r\u00e1pidamente el malware avanzado.<\/p>\n<p style=\"text-align: center;\"><strong>Encuentre la mejor implementaci\u00f3n de AMP para su Organizaci\u00f3n.<\/strong><\/p>\n<p>Advanced Malware Protection se basa en suscripciones, se administra a trav\u00e9s de una consola de administraci\u00f3n basada en web y se implementa en una variedad de plataformas.<\/p>\n<p><img loading=\"lazy\" class=\"aligncenter size-full wp-image-399\" src=\"http:\/\/servitic.pe\/es\/wp-content\/uploads\/2019\/12\/AMP2.jpg\" alt=\"\" width=\"1052\" height=\"383\" \/><\/p>\n<p>&nbsp;<\/p>\n","protected":false},"excerpt":{"rendered":"<p>Obtenga inteligencia global sobre amenazas, sandboxing avanzado y bloqueo de malware en tiempo real para evitar infracciones todo esto con Cisco Advanced Malware Protection (AMP). Sin embargo, debido a que no puede confiar solo en la prevenci\u00f3n, AMP tambi\u00e9n analiza continuamente la actividad de los archivos en su red extendida, para que pueda detectar, contener<\/p>\n<p><a href=\"https:\/\/servitic.pe\/es\/advanced-malware-protection-amp\/\" class=\"more-link\">Leer m\u00e1s<\/a><\/p>\n","protected":false},"author":1,"featured_media":0,"parent":0,"menu_order":0,"comment_status":"closed","ping_status":"closed","template":"","meta":[],"_links":{"self":[{"href":"https:\/\/servitic.pe\/es\/wp-json\/wp\/v2\/pages\/358"}],"collection":[{"href":"https:\/\/servitic.pe\/es\/wp-json\/wp\/v2\/pages"}],"about":[{"href":"https:\/\/servitic.pe\/es\/wp-json\/wp\/v2\/types\/page"}],"author":[{"embeddable":true,"href":"https:\/\/servitic.pe\/es\/wp-json\/wp\/v2\/users\/1"}],"replies":[{"embeddable":true,"href":"https:\/\/servitic.pe\/es\/wp-json\/wp\/v2\/comments?post=358"}],"version-history":[{"count":4,"href":"https:\/\/servitic.pe\/es\/wp-json\/wp\/v2\/pages\/358\/revisions"}],"predecessor-version":[{"id":400,"href":"https:\/\/servitic.pe\/es\/wp-json\/wp\/v2\/pages\/358\/revisions\/400"}],"wp:attachment":[{"href":"https:\/\/servitic.pe\/es\/wp-json\/wp\/v2\/media?parent=358"}],"curies":[{"name":"wp","href":"https:\/\/api.w.org\/{rel}","templated":true}]}}