{"id":361,"date":"2019-12-21T21:56:22","date_gmt":"2019-12-21T21:56:22","guid":{"rendered":"http:\/\/servitic.pe\/es\/?page_id=361"},"modified":"2019-12-31T00:36:32","modified_gmt":"2019-12-31T00:36:32","slug":"secure-internet-gateway","status":"publish","type":"page","link":"https:\/\/servitic.pe\/es\/secure-internet-gateway\/","title":{"rendered":"Secure Internet Gateway"},"content":{"rendered":"<p>Cisco como proveedor l\u00edder de servicios recursivos de DNS tiene una plataforma en la Nube ideal para empresas de todos los tama\u00f1os e industrias a conectarse a Internet con confianza. Cisco Umbrella tiene una excelente aceptaci\u00f3n y reputaci\u00f3n gracias a una implementaci\u00f3n sencilla y una protecci\u00f3n potente en cualquier lugar donde trabajen los usuarios de las organizaciones.<\/p>\n<p>Para ayudar a las organizaciones a adoptar el acceso directo a Internet, adem\u00e1s de la seguridad de la capa DNS y la inteligencia de amenazas interactivas, Cisco Umbrella ahora incluye la funcionalidad de puerta de enlace web segura, firewall y agente de seguridad de acceso a la nube (CASB), m\u00e1s integraci\u00f3n con Cisco SD-WAN, entregado desde Un \u00fanico servicio de seguridad en la nube.<\/p>\n<p>&nbsp;<\/p>\n<p style=\"text-align: center;\"><strong>Multiple security functions in a single cloud security service<\/strong><\/p>\n<p>&nbsp;<\/p>\n<p><img loading=\"lazy\" class=\"aligncenter size-full wp-image-392\" src=\"http:\/\/servitic.pe\/es\/wp-content\/uploads\/2019\/12\/Umbrella.jpg\" alt=\"\" width=\"764\" height=\"498\" \/><\/p>\n<p>&nbsp;<\/p>\n","protected":false},"excerpt":{"rendered":"<p>Cisco como proveedor l\u00edder de servicios recursivos de DNS tiene una plataforma en la Nube ideal para empresas de todos los tama\u00f1os e industrias a conectarse a Internet con confianza. Cisco Umbrella tiene una excelente aceptaci\u00f3n y reputaci\u00f3n gracias a una implementaci\u00f3n sencilla y una protecci\u00f3n potente en cualquier lugar donde trabajen los usuarios de<\/p>\n<p><a href=\"https:\/\/servitic.pe\/es\/secure-internet-gateway\/\" class=\"more-link\">Leer m\u00e1s<\/a><\/p>\n","protected":false},"author":1,"featured_media":0,"parent":0,"menu_order":0,"comment_status":"closed","ping_status":"closed","template":"","meta":[],"_links":{"self":[{"href":"https:\/\/servitic.pe\/es\/wp-json\/wp\/v2\/pages\/361"}],"collection":[{"href":"https:\/\/servitic.pe\/es\/wp-json\/wp\/v2\/pages"}],"about":[{"href":"https:\/\/servitic.pe\/es\/wp-json\/wp\/v2\/types\/page"}],"author":[{"embeddable":true,"href":"https:\/\/servitic.pe\/es\/wp-json\/wp\/v2\/users\/1"}],"replies":[{"embeddable":true,"href":"https:\/\/servitic.pe\/es\/wp-json\/wp\/v2\/comments?post=361"}],"version-history":[{"count":4,"href":"https:\/\/servitic.pe\/es\/wp-json\/wp\/v2\/pages\/361\/revisions"}],"predecessor-version":[{"id":394,"href":"https:\/\/servitic.pe\/es\/wp-json\/wp\/v2\/pages\/361\/revisions\/394"}],"wp:attachment":[{"href":"https:\/\/servitic.pe\/es\/wp-json\/wp\/v2\/media?parent=361"}],"curies":[{"name":"wp","href":"https:\/\/api.w.org\/{rel}","templated":true}]}}