{"id":366,"date":"2019-12-21T21:58:14","date_gmt":"2019-12-21T21:58:14","guid":{"rendered":"http:\/\/servitic.pe\/es\/?page_id=366"},"modified":"2020-01-03T15:46:05","modified_gmt":"2020-01-03T15:46:05","slug":"next-generation-firewalls","status":"publish","type":"page","link":"https:\/\/servitic.pe\/es\/next-generation-firewalls\/","title":{"rendered":"Next-Generation Firewalls"},"content":{"rendered":"<h3><strong>Le recomendamos y\u00a0 proponemos estos 5 consejos para elegir un FW de Siguiente Generaci\u00f3n.<\/strong><\/h3>\n<p><strong>Prevenci\u00f3n de violaciones y seguridad avanzada.<\/strong><\/p>\n<ul>\n<li>Prevenci\u00f3n para detener los ataques antes de que entren.<\/li>\n<li>El mejor IPS integrado de pr\u00f3xima generaci\u00f3n incorporado para detectar amenazas sigilosas y detenerlas r\u00e1pidamente.<\/li>\n<li>Filtrado de URL para aplicar pol\u00edticas en cientos de millones de URL.<\/li>\n<li>Sandboxing incorporado y protecci\u00f3n avanzada contra malware que continuamente analiza el comportamiento del archivo para detectar y eliminar amenazas r\u00e1pidamente.<\/li>\n<li>Una organizaci\u00f3n de inteligencia sobre las amenazas de clase mundial capaz de proporcionar al firewall con la \u00faltima inteligencia para detener las amenazas emergentes.<\/li>\n<\/ul>\n<p><strong>Visibilidad integral de red.<\/strong><\/p>\n<ul>\n<li>Actividad de amenazas en usuarios, hosts, redes y dispositivos.<\/li>\n<li>D\u00f3nde y cu\u00e1ndo se origin\u00f3 una amenaza, d\u00f3nde m\u00e1s ha sido su ha extendido y lo que est\u00e1 haciendo ahora.<\/li>\n<li>Aplicaciones y sitios web activos.<\/li>\n<li>Comunicaciones entre m\u00e1quinas virtuales, transferencias de archivos y m\u00e1s.<\/li>\n<\/ul>\n<p><strong>Gesti\u00f3n flexible y opciones de implementaci\u00f3n.<\/strong><\/p>\n<ul>\n<li>Gesti\u00f3n para cada caso de uso: elija de entre on-box o gesti\u00f3n centralizada en todos los dispositivos de su organizaci\u00f3n.<\/li>\n<li>Implemente localmente o en la nube a trav\u00e9s de un firewall virtual<\/li>\n<li>Personalice con funciones que satisfagan sus necesidades, simplemente activar suscripciones para obtener capacidades avanzadas<\/li>\n<li>Elija entre una amplia gama de velocidades de rendimiento<\/li>\n<\/ul>\n<p><strong>El tiempo m\u00e1s r\u00e1pido para la detecci\u00f3n<\/strong><\/p>\n<ul>\n<li>Detecta amenazas en segundos.<\/li>\n<li>Detectar la presencia de una violaci\u00f3n exitosa en horas o minutos.<\/li>\n<li>Priorice las alertas para que pueda tomar medidas r\u00e1pidas y precisas para eliminar amenazas.<\/li>\n<li>Haga su vida m\u00e1s f\u00e1cil mediante la implementaci\u00f3n de pol\u00edticas consistentes que sean f\u00e1ciles de mantener, con aplicaci\u00f3n autom\u00e1tica en todas las diferentes facetas de su organizaci\u00f3n.<\/li>\n<\/ul>\n<p><strong>No es un lobo solitario. Es un<\/strong><strong>\u00a0miembro de la manada.<\/strong><\/p>\n<ul>\n<li>Se integra perfectamente con otras herramientas del mismo proveedor.<\/li>\n<li>Comparte autom\u00e1ticamente informaci\u00f3n sobre amenazas, datos de eventos, pol\u00edticas y contexto informaci\u00f3n con herramientas de seguridad de correo electr\u00f3nico, web, egde y red.<\/li>\n<li>Automatiza tareas de seguridad como la evaluaci\u00f3n de impacto, ajuste de pol\u00edticas e identificaci\u00f3n del usuario.<\/li>\n<\/ul>\n","protected":false},"excerpt":{"rendered":"<p>Le recomendamos y\u00a0 proponemos estos 5 consejos para elegir un FW de Siguiente Generaci\u00f3n. Prevenci\u00f3n de violaciones y seguridad avanzada. Prevenci\u00f3n para detener los ataques antes de que entren. El mejor IPS integrado de pr\u00f3xima generaci\u00f3n incorporado para detectar amenazas sigilosas y detenerlas r\u00e1pidamente. Filtrado de URL para aplicar pol\u00edticas en cientos de millones de<\/p>\n<p><a href=\"https:\/\/servitic.pe\/es\/next-generation-firewalls\/\" class=\"more-link\">Leer m\u00e1s<\/a><\/p>\n","protected":false},"author":1,"featured_media":0,"parent":0,"menu_order":0,"comment_status":"closed","ping_status":"closed","template":"","meta":[],"_links":{"self":[{"href":"https:\/\/servitic.pe\/es\/wp-json\/wp\/v2\/pages\/366"}],"collection":[{"href":"https:\/\/servitic.pe\/es\/wp-json\/wp\/v2\/pages"}],"about":[{"href":"https:\/\/servitic.pe\/es\/wp-json\/wp\/v2\/types\/page"}],"author":[{"embeddable":true,"href":"https:\/\/servitic.pe\/es\/wp-json\/wp\/v2\/users\/1"}],"replies":[{"embeddable":true,"href":"https:\/\/servitic.pe\/es\/wp-json\/wp\/v2\/comments?post=366"}],"version-history":[{"count":3,"href":"https:\/\/servitic.pe\/es\/wp-json\/wp\/v2\/pages\/366\/revisions"}],"predecessor-version":[{"id":422,"href":"https:\/\/servitic.pe\/es\/wp-json\/wp\/v2\/pages\/366\/revisions\/422"}],"wp:attachment":[{"href":"https:\/\/servitic.pe\/es\/wp-json\/wp\/v2\/media?parent=366"}],"curies":[{"name":"wp","href":"https:\/\/api.w.org\/{rel}","templated":true}]}}