{"id":467,"date":"2020-10-27T23:04:40","date_gmt":"2020-10-27T23:04:40","guid":{"rendered":"https:\/\/servitic.pe\/es\/?page_id=467"},"modified":"2020-10-27T23:42:04","modified_gmt":"2020-10-27T23:42:04","slug":"disaster-recovery-as-a-service-draas","status":"publish","type":"page","link":"https:\/\/servitic.pe\/es\/disaster-recovery-as-a-service-draas\/","title":{"rendered":"Disaster Recovery as a Service (DRaaS)"},"content":{"rendered":"<p>&nbsp;<\/p>\n<h1 class=\"alata\" style=\"text-align: center;\">Disaster Recovery<br \/>\nas a service<\/h1>\n<div>\n<p style=\"text-align: center;\">Continuidad, seguridad, respaldo y recuperaci\u00f3n en la nube<\/p>\n<\/div>\n<p>&nbsp;<\/p>\n<h2 style=\"text-align: center;\">Beneficios<\/h2>\n<p>Con una soluci\u00f3n de Disaster Recovery as a Service tienes la capacidad de recuperar r\u00e1pidamente la informaci\u00f3n de tu empresa ante cualquier desastre que no puedas predecir.<\/p>\n<div class=\"height_btn\">\n<div class=\"btn-mova-conver\"><\/div>\n<\/div>\n<p><img loading=\"lazy\" class=\"aligncenter size-full wp-image-475\" src=\"https:\/\/servitic.pe\/es\/wp-content\/uploads\/2020\/10\/Draas.png\" alt=\"\" width=\"906\" height=\"396\" \/><\/p>\n","protected":false},"excerpt":{"rendered":"<p>&nbsp; Disaster Recovery as a service Continuidad, seguridad, respaldo y recuperaci\u00f3n en la nube &nbsp; Beneficios Con una soluci\u00f3n de Disaster Recovery as a Service tienes la capacidad de recuperar r\u00e1pidamente la informaci\u00f3n de tu empresa ante cualquier desastre que no puedas predecir.<\/p>\n","protected":false},"author":1,"featured_media":0,"parent":0,"menu_order":0,"comment_status":"closed","ping_status":"closed","template":"","meta":[],"_links":{"self":[{"href":"https:\/\/servitic.pe\/es\/wp-json\/wp\/v2\/pages\/467"}],"collection":[{"href":"https:\/\/servitic.pe\/es\/wp-json\/wp\/v2\/pages"}],"about":[{"href":"https:\/\/servitic.pe\/es\/wp-json\/wp\/v2\/types\/page"}],"author":[{"embeddable":true,"href":"https:\/\/servitic.pe\/es\/wp-json\/wp\/v2\/users\/1"}],"replies":[{"embeddable":true,"href":"https:\/\/servitic.pe\/es\/wp-json\/wp\/v2\/comments?post=467"}],"version-history":[{"count":6,"href":"https:\/\/servitic.pe\/es\/wp-json\/wp\/v2\/pages\/467\/revisions"}],"predecessor-version":[{"id":484,"href":"https:\/\/servitic.pe\/es\/wp-json\/wp\/v2\/pages\/467\/revisions\/484"}],"wp:attachment":[{"href":"https:\/\/servitic.pe\/es\/wp-json\/wp\/v2\/media?parent=467"}],"curies":[{"name":"wp","href":"https:\/\/api.w.org\/{rel}","templated":true}]}}