{"id":559,"date":"2024-04-17T05:05:08","date_gmt":"2024-04-17T05:05:08","guid":{"rendered":"https:\/\/servitic.pe\/es\/?page_id=559"},"modified":"2024-04-17T05:05:09","modified_gmt":"2024-04-17T05:05:09","slug":"caso-de-exito","status":"publish","type":"page","link":"https:\/\/servitic.pe\/es\/caso-de-exito\/","title":{"rendered":"Caso de Exito"},"content":{"rendered":"\n<figure class=\"wp-block-table\"><table><tbody><tr><td><\/td><\/tr><tr><td><strong>CLINICA DETECTA <\/strong><\/td><td class=\"has-text-align-right\" data-align=\"right\">    &nbsp;<img loading=\"lazy\" width=\"150\" height=\"90\" class=\"wp-image-564\" style=\"width: 150px;\" src=\"https:\/\/servitic.pe\/es\/wp-content\/uploads\/2024\/04\/logo-detecta.png\" alt=\"\"><\/td><\/tr><\/tbody><\/table><\/figure>\n\n\n\n<figure class=\"wp-block-table\"><table><tbody><tr><td><strong>FECHA<\/strong><strong><\/strong><\/td><td>Marzo 2023<\/td><\/tr><tr><td><strong>TECNOLOGIA<\/strong><\/td><td>LAN GPON \/WIFI<\/td><\/tr><tr><td><strong>T\u00cdTULO \/ ROL<\/strong><strong><\/strong><\/td><td>PROYECTO INTEGRACI\u00d3N FURUKAWA\/MERAKI<\/td><\/tr><\/tbody><\/table><\/figure>\n\n\n\n<figure class=\"wp-block-table\"><table><tbody><tr><td><strong>&nbsp;<\/strong> <strong>EL PROYECTO<\/strong><strong><\/strong> &nbsp;<\/td><\/tr><tr><td><strong>PROPUESTA DE RENOVACI\u00d3N TECNOLOGICA DE LA INFRAESTRUCTURA DE REDES LAN\/WIFI<\/strong><strong><\/strong> &nbsp; &nbsp;<\/td><\/tr><tr><td><strong>&nbsp;<\/strong> <strong>LA HISTORIA<\/strong><strong><\/strong> &nbsp;<\/td><\/tr><tr><td>Actualmente, La cl\u00ednica Detecta tiene problemas con el servicio de comunicaciones LAN (Red de \u00e1rea Local) que se brinda en sus diferentes ambientes. Estos problemas, ocasionan p\u00e9rdidas de dinero y muestra una mala imagen con sus clientes.Los problemas son en general para los diferentes ambientes como: &nbsp;administraci\u00f3n, personal m\u00e9dico y dem\u00e1s usuarios del servicio. El punto critico es en la sala operaciones donde se graban cada una de las intervenciones quir\u00fargicas y se transmiten y almacenan v\u00eda LAN a un repositorio. La ra\u00edz de los problemas se debe una inadecuada infraestructura de cableado de datos. &nbsp;<\/td><\/tr><tr><td><strong>&nbsp;<\/strong> <strong>LIMITACIONES<\/strong><strong><\/strong> &nbsp;<\/td><\/tr><tr><td>El gran desaf\u00edo por considerar fueron dos aspectos importantes. El primero es la tecnolog\u00eda por utilizar y el otro punto fue el horario de trabajo para implementar la soluci\u00f3n. En el primer caso, se evaluaron dos alternativas, la soluci\u00f3n tradicional basada en cableado de cobre UTP (Todos los otros postores optaron por esta soluci\u00f3n) y la soluci\u00f3n basada en tecnolog\u00eda GPON( Gigabit Passive Optical Network), una red basada en todo su tramo en fibra \u00f3ptica. Esta ultima soluci\u00f3n tiene muchos beneficios para el cliente y el factor tiempo fue determinante porque esta tecnolog\u00eda permit\u00eda que se vaya implementando en forma paralela con la tecnolog\u00eda actual del cliente (UTP).<\/td><\/tr><tr><td><strong>&nbsp;<\/strong> <strong>DEFINICI\u00d3N<\/strong><strong><\/strong> &nbsp;<\/td><\/tr><tr><td>La tecnolog\u00eda GPON fue determinante para que la cl\u00ednica Detecta elija esta soluci\u00f3n y se reemplace en su totalidad la red LAN que tiene actualmente el cliente. Ahora con esta soluci\u00f3n implementada, la cl\u00ednica est\u00e1 en disposici\u00f3n de poder realizar y\/o implementar otras soluciones que utilizan como base la infraestructura GPON. Tambi\u00e9n cabe se\u00f1alar que la soluci\u00f3n GPON en t\u00e9rminos de costos result\u00f3 m\u00e1s econ\u00f3mica que la soluci\u00f3n tradicional debido a la naturaleza de su operaci\u00f3n as\u00ed como en el ahorro de espacio y energ\u00eda.<\/td><\/tr><tr><td><strong>&nbsp;<\/strong> <strong>&nbsp;<\/strong> <strong>&nbsp;<\/strong> <strong>&nbsp;<\/strong> <strong>BENEFICIOS<\/strong><strong><\/strong> &nbsp;<\/td><\/tr><tr><td>&#8211; Infraestructuras de comunicaciones basada solo en Fibra \u00f3ptica.<br>&#8211; Tecnolog\u00eda de \u00faltima generaci\u00f3n (GPON) ideal para entornos edificios inteligentes y\/o ciudades &#8211; inteligentes. (Smart City).<br>&#8211; Flexibilidad y optima gesti\u00f3n de la red de LAN\/WIFITecnolog\u00eda que permite crecimientos futuros sin impactos econ\u00f3micos.<br>&#8211; Tecnolog\u00eda que ayuda a la implementaci\u00f3n f\u00e1cilmente de nuevos servicios (Video o Telemedicina)<br>&#8211; Bajo Nivel de mantenimiento de los equipos<br>&#8211; Capacitaci\u00f3n al personal que operara los equipos. <br>&#8211; Provisi\u00f3n de equipos con tecnolog\u00eda reciente.<br>&#8211; Soporte y garant\u00eda de los fabricantes e integradores hasta por 3 a\u00f1os. &nbsp;<\/td><\/tr><\/tbody><\/table><\/figure>\n\n\n\n<p><\/p>\n","protected":false},"excerpt":{"rendered":"<p>CLINICA DETECTA &nbsp; FECHA Marzo 2023 TECNOLOGIA LAN GPON \/WIFI T\u00cdTULO \/ ROL PROYECTO INTEGRACI\u00d3N FURUKAWA\/MERAKI &nbsp; EL PROYECTO &nbsp; PROPUESTA DE RENOVACI\u00d3N TECNOLOGICA DE LA INFRAESTRUCTURA DE REDES LAN\/WIFI &nbsp; &nbsp; &nbsp; LA HISTORIA &nbsp; Actualmente, La cl\u00ednica Detecta tiene problemas con el servicio de comunicaciones LAN (Red de \u00e1rea Local) que se brinda<\/p>\n<p><a href=\"https:\/\/servitic.pe\/es\/caso-de-exito\/\" class=\"more-link\">Leer m\u00e1s<\/a><\/p>\n","protected":false},"author":1,"featured_media":0,"parent":0,"menu_order":0,"comment_status":"closed","ping_status":"closed","template":"","meta":[],"_links":{"self":[{"href":"https:\/\/servitic.pe\/es\/wp-json\/wp\/v2\/pages\/559"}],"collection":[{"href":"https:\/\/servitic.pe\/es\/wp-json\/wp\/v2\/pages"}],"about":[{"href":"https:\/\/servitic.pe\/es\/wp-json\/wp\/v2\/types\/page"}],"author":[{"embeddable":true,"href":"https:\/\/servitic.pe\/es\/wp-json\/wp\/v2\/users\/1"}],"replies":[{"embeddable":true,"href":"https:\/\/servitic.pe\/es\/wp-json\/wp\/v2\/comments?post=559"}],"version-history":[{"count":8,"href":"https:\/\/servitic.pe\/es\/wp-json\/wp\/v2\/pages\/559\/revisions"}],"predecessor-version":[{"id":569,"href":"https:\/\/servitic.pe\/es\/wp-json\/wp\/v2\/pages\/559\/revisions\/569"}],"wp:attachment":[{"href":"https:\/\/servitic.pe\/es\/wp-json\/wp\/v2\/media?parent=559"}],"curies":[{"name":"wp","href":"https:\/\/api.w.org\/{rel}","templated":true}]}}