{"id":57,"date":"2018-06-20T21:27:52","date_gmt":"2018-06-20T21:27:52","guid":{"rendered":"http:\/\/servitic.pe\/es\/?page_id=57"},"modified":"2022-04-04T20:50:42","modified_gmt":"2022-04-04T20:50:42","slug":"enterpri","status":"publish","type":"page","link":"https:\/\/servitic.pe\/es\/enterpri\/","title":{"rendered":"Sistemas integrados en un solo cableado"},"content":{"rendered":"<h3>Sistemas integrados en un solo cableado<\/h3>\n<p>Para que la implementaci\u00f3n del cableado en un edificio comercial se realice de manera adecuada, es imprescindible analizar la integraci\u00f3n de los sistemas y la definici\u00f3n de las rutas. Si la planificaci\u00f3n se realiza con antelaci\u00f3n, mayor ser\u00e1 la flexibilidad y la vida \u00fatil de los sistemas.<\/p>\n<p>Para elegir la mejor tecnolog\u00eda a ser instalada, es necesario analizar los servicios ofrecidos actualmente y la futura expansi\u00f3n, optando entre un cableado \u00f3ptico, cobre o mixto (\u00f3ptico + cobre).<\/p>\n<p>Los sistemas de cableado en edificios corporativos est\u00e1n compuestos por hasta tres subsistemas: backbone de campus, backbone de edificio y cableado horizontal. Los subsistemas son interconectados para formar un sistema de cableado.<\/p>\n<p><b>ELEMENTOS DEL CABLEADO ESTRUCTURADO<\/b><\/p>\n<p>a) Distribuidor de Campus (CD);<br \/>\nb) Backbone de Campus;<br \/>\nc) Distribuidor de Edificio (BD);<br \/>\nd) Backbone de Edificio;<br \/>\ne) Distribuidor de Piso (FD);<br \/>\nf) Cableado Horizontal;<br \/>\ng) Punto de Consolidaci\u00f3n (CP);<br \/>\nh) Cable del Punto de Consolidaci\u00f3n (Cable de CP);<br \/>\ni) Toma de Telecomunicaciones Multiusuario (MUTOA);<br \/>\nj) Toma de Telecomunicaciones (TO);<\/p>\n<p><b>BENEF\u00cdCIOS:<\/b><\/p>\n<p>\u2022 Flexibilidad para cambios de disposici\u00f3n y posibilidad de inclusi\u00f3n de nuevos sistemas bajo demanda;<\/p>\n<p>\u2022 Intercomunicaci\u00f3n entre diferentes sistemas, para generar funcionalidades adicionales;<\/p>\n<p>\u2022 Sistemas de redes basados en protocolos que permiten la gesti\u00f3n remota;<\/p>\n<p>\u2022 Estandarizaci\u00f3n del cableado y garant\u00eda de rendimiento.<\/p>\n","protected":false},"excerpt":{"rendered":"<p>Sistemas integrados en un solo cableado Para que la implementaci\u00f3n del cableado en un edificio comercial se realice de manera adecuada, es imprescindible analizar la integraci\u00f3n de los sistemas y la definici\u00f3n de las rutas. Si la planificaci\u00f3n se realiza con antelaci\u00f3n, mayor ser\u00e1 la flexibilidad y la vida \u00fatil de los sistemas. Para elegir<\/p>\n<p><a href=\"https:\/\/servitic.pe\/es\/enterpri\/\" class=\"more-link\">Leer m\u00e1s<\/a><\/p>\n","protected":false},"author":1,"featured_media":0,"parent":0,"menu_order":0,"comment_status":"closed","ping_status":"closed","template":"","meta":[],"_links":{"self":[{"href":"https:\/\/servitic.pe\/es\/wp-json\/wp\/v2\/pages\/57"}],"collection":[{"href":"https:\/\/servitic.pe\/es\/wp-json\/wp\/v2\/pages"}],"about":[{"href":"https:\/\/servitic.pe\/es\/wp-json\/wp\/v2\/types\/page"}],"author":[{"embeddable":true,"href":"https:\/\/servitic.pe\/es\/wp-json\/wp\/v2\/users\/1"}],"replies":[{"embeddable":true,"href":"https:\/\/servitic.pe\/es\/wp-json\/wp\/v2\/comments?post=57"}],"version-history":[{"count":4,"href":"https:\/\/servitic.pe\/es\/wp-json\/wp\/v2\/pages\/57\/revisions"}],"predecessor-version":[{"id":498,"href":"https:\/\/servitic.pe\/es\/wp-json\/wp\/v2\/pages\/57\/revisions\/498"}],"wp:attachment":[{"href":"https:\/\/servitic.pe\/es\/wp-json\/wp\/v2\/media?parent=57"}],"curies":[{"name":"wp","href":"https:\/\/api.w.org\/{rel}","templated":true}]}}