{"id":580,"date":"2024-10-04T17:55:19","date_gmt":"2024-10-04T17:55:19","guid":{"rendered":"https:\/\/servitic.pe\/es\/?page_id=580"},"modified":"2024-10-04T18:09:41","modified_gmt":"2024-10-04T18:09:41","slug":"outsourcing-tic","status":"publish","type":"page","link":"https:\/\/servitic.pe\/es\/outsourcing-tic\/","title":{"rendered":"Outsourcing TIC"},"content":{"rendered":"\n<p><strong>Qu\u00e9 es el outsourcing tecnol\u00f3gico? <\/strong><\/p>\n\n\n\n<p>El outsourcing tecnol\u00f3gico es la\u00a0externalizaci\u00f3n de los servicios relacionados con la tecnolog\u00eda por parte de una empresa a un proveedor especializado.<\/p>\n\n\n\n<p>Cuando se contrata una empresa externa que cuenta con sus propios recursos e infraestructura para la ejecuci\u00f3n de los procesos y tareas relacionadas con las tecnolog\u00edas de la informaci\u00f3n, se est\u00e1 hablando de Outsourcing de TI<\/p>\n\n\n\n<p><strong>Beneficios del Outsourcing<\/strong><\/p>\n\n\n\n<p>La subcontrataci\u00f3n de servicios de TI puede aumentar la rentabilidad de las empresas en funci\u00f3n de diversos factores. En primer lugar, la subcontrataci\u00f3n de personal elimina la necesidad de contratar o ampliar un equipo interno, lo que elimina la necesidad de presupuestar salarios y beneficios para personal adicional.<\/p>\n\n\n\n<p>La externalizaci\u00f3n de actividades no esenciales puede&nbsp;mejorar la eficiencia y la productividad, ya que otra entidad realiza estas tareas m\u00e1s peque\u00f1as mejor que la propia empresa. Esta estrategia tambi\u00e9n puede conducir a tiempos de respuesta m\u00e1s r\u00e1pidos, mayor competitividad dentro de una industria y la reducci\u00f3n de los costos operativos generales.<\/p>\n\n\n\n<p>Ofrecemos lo siguientes tipos de Outsourcing:<\/p>\n\n\n\n<p><\/p>\n\n\n\n<p><\/p>\n\n\n\n<p><\/p>\n\n\n\n<figure class=\"wp-block-table aligncenter\"><table><tbody><tr><td>&nbsp;<strong> <\/strong><br><strong>Gesti\u00f3n Interna (OnSite) <\/strong>&nbsp; <br><br><br>Asignamos el(los) especialistas seg\u00fan las necesidades de los clientes. Esto con la finalidad de gestionar los procesos y\/o servicios TIC encargados, dentro de las oficinas de nuestros Clientes. Este tipo de servicio es respaldado por otros especialistas de la plataforma de ServiTIC, para casos m\u00e1s complejos que es necesario la intervenci\u00f3n de m\u00e1s especialistas u herramientas, lo que hace esto un gran valor para nuestros clientes. &nbsp; &nbsp; &nbsp; &nbsp; &nbsp; &nbsp;<\/td><td>&nbsp;<strong>Gesti\u00f3n Externa (OutSite)<\/strong><br><br><br> &nbsp; Asignamos el(los) especialistas seg\u00fan las necesidades de los clientes. Esto con la finalidad de gestionar los procesos y\/o servicios TIC encargados, fuera de las oficinas de nuestros Clientes y con enfoque en la nube. Este tipo de servicio es respaldado los especialistas de la plataforma de ServiTIC, con toda la experiencia que nos caracteriza para dicha labor, lo que constituye un gran valor para nuestros clientes<\/td><td><strong>Personal especialista TIC<\/strong><br><br><br><strong> &nbsp;<\/strong> Asignamos el perfil profesional TIC requerido por su Organizaci\u00f3n para fines propios de su organizaci\u00f3n. Mantenemos el perfil del especialista en caso de ampliaci\u00f3n y\/o renovaci\u00f3n. Los perfiles pueden ser. Programadores Jefes de proyectos Analistas de sistemas Jefes de Sistemas Administradores de Base de Datos Expertos en Networking Expertos en Ciberseguridad Etc.<\/td><\/tr><\/tbody><\/table><\/figure>\n","protected":false},"excerpt":{"rendered":"<p>Qu\u00e9 es el outsourcing tecnol\u00f3gico? El outsourcing tecnol\u00f3gico es la\u00a0externalizaci\u00f3n de los servicios relacionados con la tecnolog\u00eda por parte de una empresa a un proveedor especializado. Cuando se contrata una empresa externa que cuenta con sus propios recursos e infraestructura para la ejecuci\u00f3n de los procesos y tareas relacionadas con las tecnolog\u00edas de la informaci\u00f3n,<\/p>\n<p><a href=\"https:\/\/servitic.pe\/es\/outsourcing-tic\/\" class=\"more-link\">Leer m\u00e1s<\/a><\/p>\n","protected":false},"author":1,"featured_media":0,"parent":0,"menu_order":0,"comment_status":"closed","ping_status":"closed","template":"","meta":[],"_links":{"self":[{"href":"https:\/\/servitic.pe\/es\/wp-json\/wp\/v2\/pages\/580"}],"collection":[{"href":"https:\/\/servitic.pe\/es\/wp-json\/wp\/v2\/pages"}],"about":[{"href":"https:\/\/servitic.pe\/es\/wp-json\/wp\/v2\/types\/page"}],"author":[{"embeddable":true,"href":"https:\/\/servitic.pe\/es\/wp-json\/wp\/v2\/users\/1"}],"replies":[{"embeddable":true,"href":"https:\/\/servitic.pe\/es\/wp-json\/wp\/v2\/comments?post=580"}],"version-history":[{"count":7,"href":"https:\/\/servitic.pe\/es\/wp-json\/wp\/v2\/pages\/580\/revisions"}],"predecessor-version":[{"id":590,"href":"https:\/\/servitic.pe\/es\/wp-json\/wp\/v2\/pages\/580\/revisions\/590"}],"wp:attachment":[{"href":"https:\/\/servitic.pe\/es\/wp-json\/wp\/v2\/media?parent=580"}],"curies":[{"name":"wp","href":"https:\/\/api.w.org\/{rel}","templated":true}]}}