{"id":645,"date":"2025-09-22T17:47:01","date_gmt":"2025-09-22T17:47:01","guid":{"rendered":"https:\/\/servitic.pe\/es\/?page_id=645"},"modified":"2025-09-22T17:47:02","modified_gmt":"2025-09-22T17:47:02","slug":"devops-services","status":"publish","type":"page","link":"https:\/\/servitic.pe\/es\/devops-services\/","title":{"rendered":"DevOps Services"},"content":{"rendered":"\n<p>Las operaciones de desarrollo constituyen una combinaci\u00f3n de filosof\u00edas culturales, pr\u00e1cticas y herramientas que incrementan la capacidad de una organizaci\u00f3n de proporcionar aplicaciones y servicios a gran velocidad: desarrollar y mejorar productos con mayor rapidez que las organizaciones que utilizan procesos tradicionales de desarrollo de software y administraci\u00f3n de la infraestructura. Esta velocidad permite a las organizaciones servir mejor a sus clientes y competir de forma m\u00e1s eficaz en el mercado.<\/p>\n\n\n\n<p><strong>En que consiste el Servicio DevOPS ?<\/strong><\/p>\n\n\n\n<p>Bajo un modelo de DevOps, los equipos de desarrollo y operaciones ya no est\u00e1n \u201caislados\u201d. A veces, los dos equipos se fusionan en uno solo, donde los ingenieros trabajan en todo el ciclo de vida de la aplicaci\u00f3n, desde el desarrollo y las pruebas hasta la implementaci\u00f3n y las operaciones, y desarrollan una variedad de habilidades no limitadas a una \u00fanica funci\u00f3n.<\/p>\n\n\n\n<p>En algunos modelos de DevOps, los equipos de control de calidad y de seguridad tambi\u00e9n se integran m\u00e1s con el desarrollo y las operaciones e intervienen durante todo el ciclo de vida de la aplicaci\u00f3n. Cuando la seguridad es la prioridad de todos los miembros del equipo de operaciones de desarrollo, a veces se conoce como operaciones de seguridad de desarrollo.<\/p>\n\n\n\n<p>Los equipos utilizan pr\u00e1cticas para automatizar los procesos que anteriormente hab\u00edan sido manuales y lentos. Utilizan una pila de tecnolog\u00eda y herramientas que los ayudan a operar y mejorar aplicaciones de forma r\u00e1pida y confiable. Adem\u00e1s, estas herramientas tambi\u00e9n ayudan a los ingenieros a realizar de forma independiente tareas que normalmente hubieran requerido la ayuda de otros equipos (por ejemplo, implementar c\u00f3digo o aprovisionar infraestructura), incrementando as\u00ed todav\u00eda m\u00e1s la velocidad del equipo.<\/p>\n\n\n\n<div class=\"wp-block-image\"><figure class=\"aligncenter size-full\"><img loading=\"lazy\" width=\"480\" height=\"260\" src=\"https:\/\/servitic.pe\/es\/wp-content\/uploads\/2025\/09\/devops.jpeg\" alt=\"\" class=\"wp-image-646\" srcset=\"https:\/\/servitic.pe\/es\/wp-content\/uploads\/2025\/09\/devops.jpeg 480w, https:\/\/servitic.pe\/es\/wp-content\/uploads\/2025\/09\/devops-300x163.jpeg 300w\" sizes=\"(max-width: 480px) 100vw, 480px\" \/><\/figure><\/div>\n","protected":false},"excerpt":{"rendered":"<p>Las operaciones de desarrollo constituyen una combinaci\u00f3n de filosof\u00edas culturales, pr\u00e1cticas y herramientas que incrementan la capacidad de una organizaci\u00f3n de proporcionar aplicaciones y servicios a gran velocidad: desarrollar y mejorar productos con mayor rapidez que las organizaciones que utilizan procesos tradicionales de desarrollo de software y administraci\u00f3n de la infraestructura. Esta velocidad permite a<\/p>\n<p><a href=\"https:\/\/servitic.pe\/es\/devops-services\/\" class=\"more-link\">Leer m\u00e1s<\/a><\/p>\n","protected":false},"author":1,"featured_media":0,"parent":0,"menu_order":0,"comment_status":"closed","ping_status":"closed","template":"","meta":[],"_links":{"self":[{"href":"https:\/\/servitic.pe\/es\/wp-json\/wp\/v2\/pages\/645"}],"collection":[{"href":"https:\/\/servitic.pe\/es\/wp-json\/wp\/v2\/pages"}],"about":[{"href":"https:\/\/servitic.pe\/es\/wp-json\/wp\/v2\/types\/page"}],"author":[{"embeddable":true,"href":"https:\/\/servitic.pe\/es\/wp-json\/wp\/v2\/users\/1"}],"replies":[{"embeddable":true,"href":"https:\/\/servitic.pe\/es\/wp-json\/wp\/v2\/comments?post=645"}],"version-history":[{"count":1,"href":"https:\/\/servitic.pe\/es\/wp-json\/wp\/v2\/pages\/645\/revisions"}],"predecessor-version":[{"id":647,"href":"https:\/\/servitic.pe\/es\/wp-json\/wp\/v2\/pages\/645\/revisions\/647"}],"wp:attachment":[{"href":"https:\/\/servitic.pe\/es\/wp-json\/wp\/v2\/media?parent=645"}],"curies":[{"name":"wp","href":"https:\/\/api.w.org\/{rel}","templated":true}]}}