{"id":71,"date":"2018-06-20T22:07:29","date_gmt":"2018-06-20T22:07:29","guid":{"rendered":"http:\/\/servitic.pe\/es\/?page_id=71"},"modified":"2022-04-04T20:45:54","modified_gmt":"2022-04-04T20:45:54","slug":"data","status":"publish","type":"page","link":"https:\/\/servitic.pe\/es\/data\/","title":{"rendered":"Data Center"},"content":{"rendered":"<h1>Data Center<\/h1>\n<p><b>1.\u00a0<\/b>Optar por una soluci\u00f3n que ofrezca el mejor beneficio a largo plazo puesto que la construcci\u00f3n f\u00edsica de un Data Center ocurre s\u00f3lo una vez;<\/p>\n<p><b>2.\u00a0<\/b>Estudiar con antelaci\u00f3n los rendimientos de los productos, si tienen certificaciones en laboratorios independientes y la compatibilidad con los dem\u00e1s accesorios y equipos de la red;<\/p>\n<p><b>3.\u00a0<\/b>Estar seguro que la tecnolog\u00eda seleccionada est\u00e1 prevista en la norma, para que est\u00e9 bien informado en caso de cambios en los par\u00e1metros de desempe\u00f1o.<\/p>\n<p><b>VENTAJAS<\/b><\/p>\n<p><b>\u2022 Alta Disponibilidad:<\/b>\u00a0Canales de comunicaci\u00f3n probados en f\u00e1brica para garantizar plena disponibilidad y en diversas topolog\u00edas, y comprobados a trav\u00e9s de laboratorios de tercera parte &#8211; lo que reduce cualesquier potenciales puntos de falla y minimiza los riesgos de downtime.<\/p>\n<p><b>\u2022 Modularidad:<\/b>\u00a0Es posible ampliar redes \u00f3pticas a\u00f1adiendo componentes \u201cplug and play\u201d y de alta densidad, para reducir el tiempo de instalaci\u00f3n y la posibilidad de fallas de comunicaciones.<\/p>\n<p><b>\u2022 Rendimiento:<\/b>\u00a0Sistemas que garanticen una transmisi\u00f3n con Zero Bit Error son primordiales -CAT.6A y CAT.8 &#8211; y Links \u00d3pticos que cumplan 25 Gbit\/s, 40\/100 Gbit\/s y las tendencias de migraciones futuras en 50\/200\/400 Gbit\/s.<\/p>\n<p><b>\u2022 Gesti\u00f3n de Capa F\u00edsica:<\/b>\u00a0Este sistema garantiza la actualizaci\u00f3n autom\u00e1tica de la documentaci\u00f3n de red, tambi\u00e9n facilita la ubicaci\u00f3n f\u00edsica de los dispositivos conectados en la red, que dejan la gesti\u00f3n de infraestructura m\u00e1s \u00e1gil y segura.<\/p>\n<p><b>\u2022 Seguridad:<\/b>\u00a0A trav\u00e9s de la implementaci\u00f3n de un sistema de gesti\u00f3n de capa f\u00edsica es posible administrar el punto f\u00edsico de la red y mapearlo en una plataforma de software, de forma que el Gestor de TI pueda estar seguro que est\u00e1 interconectado. Cualquier movimiento no autorizado en los patch panels y\/o distribuidores \u00f3pticos producir\u00e1n alarmas, as\u00ed el equipo de TI logra identificar las fallas instant\u00e1neamente.<\/p>\n<p><b>\u2022 Alta Densidad:<\/b>\u00a0Soluciones que permiten ampliaciones para atender las demandas futuras &#8211; de forma r\u00e1pida y que no comprometan el desempe\u00f1o de los canales de comunicaci\u00f3n \u2013 sin la necesidad de expansi\u00f3n f\u00edsica, esto valora el metro cuadrado del Data Center.<\/p>\n<p><b>\u2022 Eficiencia Operativa:<\/b>\u00a0Una infraestructura de cabling dise\u00f1ada para aprovechar al m\u00e1ximo el proyecto civil, de los sistemas de refrigeraci\u00f3n y de energ\u00eda (racks abiertos, accesorios de cabling adecuados para disposici\u00f3n &#8211; corredores calientes y fr\u00edos, etc.).<\/p>\n<p>&nbsp;<\/p>\n","protected":false},"excerpt":{"rendered":"<p>Data Center 1.\u00a0Optar por una soluci\u00f3n que ofrezca el mejor beneficio a largo plazo puesto que la construcci\u00f3n f\u00edsica de un Data Center ocurre s\u00f3lo una vez; 2.\u00a0Estudiar con antelaci\u00f3n los rendimientos de los productos, si tienen certificaciones en laboratorios independientes y la compatibilidad con los dem\u00e1s accesorios y equipos de la red; 3.\u00a0Estar seguro<\/p>\n<p><a href=\"https:\/\/servitic.pe\/es\/data\/\" class=\"more-link\">Leer m\u00e1s<\/a><\/p>\n","protected":false},"author":1,"featured_media":0,"parent":0,"menu_order":0,"comment_status":"closed","ping_status":"closed","template":"","meta":[],"_links":{"self":[{"href":"https:\/\/servitic.pe\/es\/wp-json\/wp\/v2\/pages\/71"}],"collection":[{"href":"https:\/\/servitic.pe\/es\/wp-json\/wp\/v2\/pages"}],"about":[{"href":"https:\/\/servitic.pe\/es\/wp-json\/wp\/v2\/types\/page"}],"author":[{"embeddable":true,"href":"https:\/\/servitic.pe\/es\/wp-json\/wp\/v2\/users\/1"}],"replies":[{"embeddable":true,"href":"https:\/\/servitic.pe\/es\/wp-json\/wp\/v2\/comments?post=71"}],"version-history":[{"count":4,"href":"https:\/\/servitic.pe\/es\/wp-json\/wp\/v2\/pages\/71\/revisions"}],"predecessor-version":[{"id":495,"href":"https:\/\/servitic.pe\/es\/wp-json\/wp\/v2\/pages\/71\/revisions\/495"}],"wp:attachment":[{"href":"https:\/\/servitic.pe\/es\/wp-json\/wp\/v2\/media?parent=71"}],"curies":[{"name":"wp","href":"https:\/\/api.w.org\/{rel}","templated":true}]}}