{"id":81,"date":"2018-06-20T22:11:28","date_gmt":"2018-06-20T22:11:28","guid":{"rendered":"http:\/\/servitic.pe\/es\/?page_id=81"},"modified":"2022-04-04T20:51:54","modified_gmt":"2022-04-04T20:51:54","slug":"ftth","status":"publish","type":"page","link":"https:\/\/servitic.pe\/es\/ftth\/","title":{"rendered":"Fiber To The Home &#8211; GPON"},"content":{"rendered":"<h3>Fiber To The Home<\/h3>\n<p><b>VENTAJAS<\/b><\/p>\n<p>&#8211; Red a \u201cprueba de futuro\u00bb lista para la creciente demanda de banda;<br \/>\n&#8211; Soporta Triple Play (Datos, Voz y V\u00eddeo);<br \/>\n&#8211; No necesita equipos activos en toda la extensi\u00f3n de planta externa de la red;<br \/>\n&#8211; Facilidad de instalaci\u00f3n y bajo costo de mantenimiento;<br \/>\n&#8211; M\u00e1s calidad y estabilidad en la transmisi\u00f3n de informaciones;<br \/>\n&#8211; Medio f\u00edsico (fibra) inmune a interferencias externas;<br \/>\n&#8211; Soluci\u00f3n adecuada tuber\u00eda de acceso obstruida;<br \/>\n&#8211; Topologias por fusi\u00f3n, conectorizadas y preconectorizadas.<\/p>\n<div class=\"col-sm-12 padding-pattern section-subtitle\">\n<p class=\"section-subtitle\"><b>Alcance<\/b><\/p>\n<p>Las redes FTTH (Fiber-To-The-Home) 100% \u00f3pticas son definidas por llevar la fibra \u00f3ptica hasta los usuarios finales que est\u00e9n ubicados en construcciones individuales y no verticales, como residencias, oficinas y condominios horizontales.<\/p>\n<p><b>Redes GPON<\/b><\/p>\n<p>Las redes PON (Passive Optical Network) usadas en arquitecturas Fiber-To-The-Home (FTTH) para la entrega de servicios de datos, voz y v\u00eddeo, utilizan b\u00e1sicamente las divisiones de fibras \u00f3pticas provenientes de puertas de OLT en la central del proveedor de servicios hasta llegar a las residencias de los abonados.<\/p>\n<p>Por ser una red \u00abtransparente\u00bb y libre de equipos activos entre las puntas, puede ser utilizada por diferentes tecnolog\u00edas, como la GPON (Gigabite Passive Optical Network) integralmente suministrada por Furukawa, tanto para equipos \u00f3pticos de transmisi\u00f3n (OLTs) como terminal (ONTs\/ONUs).<\/p>\n<\/div>\n<div class=\"clear\"><\/div>\n<p>&nbsp;<\/p>\n<p>&nbsp;<\/p>\n","protected":false},"excerpt":{"rendered":"<p>Fiber To The Home VENTAJAS &#8211; Red a \u201cprueba de futuro\u00bb lista para la creciente demanda de banda; &#8211; Soporta Triple Play (Datos, Voz y V\u00eddeo); &#8211; No necesita equipos activos en toda la extensi\u00f3n de planta externa de la red; &#8211; Facilidad de instalaci\u00f3n y bajo costo de mantenimiento; &#8211; M\u00e1s calidad y estabilidad<\/p>\n<p><a href=\"https:\/\/servitic.pe\/es\/ftth\/\" class=\"more-link\">Leer m\u00e1s<\/a><\/p>\n","protected":false},"author":1,"featured_media":0,"parent":0,"menu_order":0,"comment_status":"closed","ping_status":"closed","template":"","meta":[],"_links":{"self":[{"href":"https:\/\/servitic.pe\/es\/wp-json\/wp\/v2\/pages\/81"}],"collection":[{"href":"https:\/\/servitic.pe\/es\/wp-json\/wp\/v2\/pages"}],"about":[{"href":"https:\/\/servitic.pe\/es\/wp-json\/wp\/v2\/types\/page"}],"author":[{"embeddable":true,"href":"https:\/\/servitic.pe\/es\/wp-json\/wp\/v2\/users\/1"}],"replies":[{"embeddable":true,"href":"https:\/\/servitic.pe\/es\/wp-json\/wp\/v2\/comments?post=81"}],"version-history":[{"count":4,"href":"https:\/\/servitic.pe\/es\/wp-json\/wp\/v2\/pages\/81\/revisions"}],"predecessor-version":[{"id":499,"href":"https:\/\/servitic.pe\/es\/wp-json\/wp\/v2\/pages\/81\/revisions\/499"}],"wp:attachment":[{"href":"https:\/\/servitic.pe\/es\/wp-json\/wp\/v2\/media?parent=81"}],"curies":[{"name":"wp","href":"https:\/\/api.w.org\/{rel}","templated":true}]}}